{"id":2613,"date":"2024-11-20T19:18:36","date_gmt":"2024-11-20T19:18:36","guid":{"rendered":"https:\/\/allianceargentina.com.ar\/contact\/"},"modified":"2025-04-17T17:26:19","modified_gmt":"2025-04-17T17:26:19","slug":"contacto","status":"publish","type":"page","link":"https:\/\/allianceargentina.com.ar\/en\/contacto\/","title":{"rendered":"Contact"},"content":{"rendered":"<div data-elementor-type=\"wp-page\" data-elementor-id=\"2613\" class=\"elementor elementor-2613\" data-elementor-post-type=\"page\">\n\t\t\t\t<div class=\"elementor-element elementor-element-f3d06b3 e-flex e-con-boxed e-con e-parent\" data-id=\"f3d06b3\" data-element_type=\"container\" data-e-type=\"container\" data-settings=\"{&quot;background_background&quot;:&quot;classic&quot;}\">\n\t\t\t\t\t<div class=\"e-con-inner\">\n\t\t<div class=\"elementor-element elementor-element-c248003 e-flex e-con-boxed e-con e-child\" data-id=\"c248003\" data-element_type=\"container\" data-e-type=\"container\">\n\t\t\t\t\t<div class=\"e-con-inner\">\n\t\t\t\t<div class=\"elementor-element elementor-element-0cd6647 elementor-widget elementor-widget-heading\" data-id=\"0cd6647\" data-element_type=\"widget\" data-e-type=\"widget\" data-widget_type=\"heading.default\">\n\t\t\t\t<div class=\"elementor-widget-container\">\n\t\t\t\t\t<h1 class=\"elementor-heading-title elementor-size-default\">CONTACT US<\/h1>\t\t\t\t<\/div>\n\t\t\t\t<\/div>\n\t\t\t\t\t<\/div>\n\t\t\t\t<\/div>\n\t\t\t\t\t<\/div>\n\t\t\t\t<\/div>\n\t\t<div class=\"elementor-element elementor-element-6753142 e-flex e-con-boxed e-con e-parent\" data-id=\"6753142\" data-element_type=\"container\" data-e-type=\"container\" data-settings=\"{&quot;background_background&quot;:&quot;classic&quot;}\">\n\t\t\t\t\t<div class=\"e-con-inner\">\n\t\t<div class=\"elementor-element elementor-element-e6c12b6 e-con-full e-flex e-con e-child\" data-id=\"e6c12b6\" data-element_type=\"container\" data-e-type=\"container\">\n\t\t<div class=\"elementor-element elementor-element-3251d36 e-flex e-con-boxed e-con e-child\" data-id=\"3251d36\" data-element_type=\"container\" data-e-type=\"container\">\n\t\t\t\t\t<div class=\"e-con-inner\">\n\t\t<div class=\"elementor-element elementor-element-b8ab7ad e-con-full e-flex e-con e-child\" data-id=\"b8ab7ad\" data-element_type=\"container\" data-e-type=\"container\">\n\t\t\t\t<div class=\"elementor-element elementor-element-e7ad7cd elementor-widget elementor-widget-heading\" data-id=\"e7ad7cd\" data-element_type=\"widget\" data-e-type=\"widget\" data-widget_type=\"heading.default\">\n\t\t\t\t<div class=\"elementor-widget-container\">\n\t\t\t\t\t<p class=\"elementor-heading-title elementor-size-default\">Get in touch to learn more about our interpretation services, receive personalized advice, or request\u00a0a\u00a0free\u00a0quote.\n<\/p>\t\t\t\t<\/div>\n\t\t\t\t<\/div>\n\t\t\t\t<div class=\"elementor-element elementor-element-48556d6 elementor-widget elementor-widget-heading\" data-id=\"48556d6\" data-element_type=\"widget\" data-e-type=\"widget\" data-widget_type=\"heading.default\">\n\t\t\t\t<div class=\"elementor-widget-container\">\n\t\t\t\t\t<h2 class=\"elementor-heading-title elementor-size-default\">EMAIL<\/h2>\t\t\t\t<\/div>\n\t\t\t\t<\/div>\n\t\t\t\t<div class=\"elementor-element elementor-element-5a21250 elementor-widget elementor-widget-heading\" data-id=\"5a21250\" data-element_type=\"widget\" data-e-type=\"widget\" data-widget_type=\"heading.default\">\n\t\t\t\t<div class=\"elementor-widget-container\">\n\t\t\t\t\t<h6 class=\"elementor-heading-title elementor-size-default\"><a href=\"mailto:info@allianceargentina.com.ar\" target=\"_blank\" rel=\"nofollow\">info@allianceargentina.com.ar<\/a><\/h6>\t\t\t\t<\/div>\n\t\t\t\t<\/div>\n\t\t\t\t<div class=\"elementor-element elementor-element-c4b9be3 elementor-widget elementor-widget-heading\" data-id=\"c4b9be3\" data-element_type=\"widget\" data-e-type=\"widget\" data-widget_type=\"heading.default\">\n\t\t\t\t<div class=\"elementor-widget-container\">\n\t\t\t\t\t<h2 class=\"elementor-heading-title elementor-size-default\">PHONE NUMBER<\/h2>\t\t\t\t<\/div>\n\t\t\t\t<\/div>\n\t\t\t\t<div class=\"elementor-element elementor-element-a79d5e8 elementor-widget elementor-widget-heading\" data-id=\"a79d5e8\" data-element_type=\"widget\" data-e-type=\"widget\" data-widget_type=\"heading.default\">\n\t\t\t\t<div class=\"elementor-widget-container\">\n\t\t\t\t\t<h6 class=\"elementor-heading-title elementor-size-default\"><a href=\"https:\/\/wa.me\/5491165551212\" target=\"_blank\" rel=\"nofollow\">+54 911 6555-1212<\/a><\/h6>\t\t\t\t<\/div>\n\t\t\t\t<\/div>\n\t\t\t\t<div class=\"elementor-element elementor-element-33d9a28 elementor-widget elementor-widget-heading\" data-id=\"33d9a28\" data-element_type=\"widget\" data-e-type=\"widget\" data-widget_type=\"heading.default\">\n\t\t\t\t<div class=\"elementor-widget-container\">\n\t\t\t\t\t<h2 class=\"elementor-heading-title elementor-size-default\">LOCATION<\/h2>\t\t\t\t<\/div>\n\t\t\t\t<\/div>\n\t\t\t\t<div class=\"elementor-element elementor-element-232c924 elementor-widget elementor-widget-heading\" data-id=\"232c924\" data-element_type=\"widget\" data-e-type=\"widget\" data-widget_type=\"heading.default\">\n\t\t\t\t<div class=\"elementor-widget-container\">\n\t\t\t\t\t<h6 class=\"elementor-heading-title elementor-size-default\">Buenos Aires, Argentina<\/h6>\t\t\t\t<\/div>\n\t\t\t\t<\/div>\n\t\t\t\t<div class=\"elementor-element elementor-element-1d16f0a elementor-shape-circle e-grid-align-left e-grid-align-mobile-center elementor-grid-0 elementor-widget elementor-widget-social-icons\" data-id=\"1d16f0a\" data-element_type=\"widget\" data-e-type=\"widget\" data-widget_type=\"social-icons.default\">\n\t\t\t\t<div class=\"elementor-widget-container\">\n\t\t\t\t\t\t\t<div class=\"elementor-social-icons-wrapper elementor-grid\">\n\t\t\t\t\t\t\t<span class=\"elementor-grid-item\">\n\t\t\t\t\t<a class=\"elementor-icon elementor-social-icon elementor-social-icon-whatsapp elementor-repeater-item-6d32713\" href=\"https:\/\/wa.me\/5491165551212\" target=\"_blank\" rel=\"nofollow\">\n\t\t\t\t\t\t<span class=\"elementor-screen-only\">Whatsapp<\/span>\n\t\t\t\t\t\t<svg aria-hidden=\"true\" class=\"e-font-icon-svg e-fab-whatsapp\" viewbox=\"0 0 448 512\" xmlns=\"http:\/\/www.w3.org\/2000\/svg\"><path d=\"M380.9 97.1C339 55.1 283.2 32 223.9 32c-122.4 0-222 99.6-222 222 0 39.1 10.2 77.3 29.6 111L0 480l117.7-30.9c32.4 17.7 68.9 27 106.1 27h.1c122.3 0 224.1-99.6 224.1-222 0-59.3-25.2-115-67.1-157zm-157 341.6c-33.2 0-65.7-8.9-94-25.7l-6.7-4-69.8 18.3L72 359.2l-4.4-7c-18.5-29.4-28.2-63.3-28.2-98.2 0-101.7 82.8-184.5 184.6-184.5 49.3 0 95.6 19.2 130.4 54.1 34.8 34.9 56.2 81.2 56.1 130.5 0 101.8-84.9 184.6-186.6 184.6zm101.2-138.2c-5.5-2.8-32.8-16.2-37.9-18-5.1-1.9-8.8-2.8-12.5 2.8-3.7 5.6-14.3 18-17.6 21.8-3.2 3.7-6.5 4.2-12 1.4-32.6-16.3-54-29.1-75.5-66-5.7-9.8 5.7-9.1 16.3-30.3 1.8-3.7.9-6.9-.5-9.7-1.4-2.8-12.5-30.1-17.1-41.2-4.5-10.8-9.1-9.3-12.5-9.5-3.2-.2-6.9-.2-10.6-.2-3.7 0-9.7 1.4-14.8 6.9-5.1 5.6-19.4 19-19.4 46.3 0 27.3 19.9 53.7 22.6 57.4 2.8 3.7 39.1 59.7 94.8 83.8 35.2 15.2 49 16.5 66.6 13.9 10.7-1.6 32.8-13.4 37.4-26.4 4.6-13 4.6-24.1 3.2-26.4-1.3-2.5-5-3.9-10.5-6.6z\"><\/path><\/svg>\t\t\t\t\t<\/a>\n\t\t\t\t<\/span>\n\t\t\t\t\t<\/div>\n\t\t\t\t\t\t<\/div>\n\t\t\t\t<\/div>\n\t\t\t\t<\/div>\n\t\t\t\t\t<\/div>\n\t\t\t\t<\/div>\n\t\t\t\t<\/div>\n\t\t\t\t\t<\/div>\n\t\t\t\t<\/div>\n\t\t<div class=\"elementor-element elementor-element-c0fac40 e-flex e-con-boxed e-con e-parent\" data-id=\"c0fac40\" data-element_type=\"container\" data-e-type=\"container\">\n\t\t\t\t\t<div class=\"e-con-inner\">\n\t\t\t\t<div class=\"elementor-element elementor-element-73afa58 elementor-widget elementor-widget-image\" data-id=\"73afa58\" data-element_type=\"widget\" data-e-type=\"widget\" data-widget_type=\"image.default\">\n\t\t\t\t<div class=\"elementor-widget-container\">\n\t\t\t\t\t\t\t\t\t\t\t\t\t\t\t\t<a href=\"https:\/\/allianceargentina.com.ar\/en\/\">\n\t\t\t\t\t\t\t<img fetchpriority=\"high\" decoding=\"async\" width=\"300\" height=\"194\" src=\"https:\/\/allianceargentina.com.ar\/wp-content\/uploads\/2025\/01\/alliance_isologo_masclaro-e1737586532918.png\" class=\"attachment-medium size-medium wp-image-2646\" alt=\"\" srcset=\"https:\/\/allianceargentina.com.ar\/wp-content\/uploads\/2025\/01\/alliance_isologo_masclaro-e1737586532918-300x194.png 300w, https:\/\/allianceargentina.com.ar\/wp-content\/uploads\/2025\/01\/alliance_isologo_masclaro-e1737586532918-768x496.png 768w, https:\/\/allianceargentina.com.ar\/wp-content\/uploads\/2025\/01\/alliance_isologo_masclaro-e1737586532918-18x12.png 18w, https:\/\/allianceargentina.com.ar\/wp-content\/uploads\/2025\/01\/alliance_isologo_masclaro-e1737586532918-110x71.png 110w, https:\/\/allianceargentina.com.ar\/wp-content\/uploads\/2025\/01\/alliance_isologo_masclaro-e1737586532918.png 926w\" sizes=\"(max-width: 300px) 100vw, 300px\" \/>\t\t\t\t\t\t\t\t<\/a>\n\t\t\t\t\t\t\t\t\t\t\t\t\t\t\t<\/div>\n\t\t\t\t<\/div>\n\t\t\t\t\t<\/div>\n\t\t\t\t<\/div>\n\t\t\t\t<\/div>","protected":false},"excerpt":{"rendered":"<p>CONTACTO Cont\u00e1ctenos para obtener m\u00e1s informaci\u00f3n sobre nuestros servicios de interpretaci\u00f3n, recibir asesoramiento personalizado o solicitar un presupuesto sin cargo. EMAIL info@allianceargentina.com.ar TEL\u00c9FONO +54 911 6555-1212 LOCALIDAD Buenos Aires, Argentina Whatsapp<\/p>","protected":false},"author":1,"featured_media":0,"parent":0,"menu_order":0,"comment_status":"closed","ping_status":"closed","template":"","meta":{"_uag_custom_page_level_css":"","site-sidebar-layout":"no-sidebar","site-content-layout":"page-builder","ast-site-content-layout":"full-width-container","site-content-style":"unboxed","site-sidebar-style":"unboxed","ast-global-header-display":"","ast-banner-title-visibility":"","ast-main-header-display":"","ast-hfb-above-header-display":"","ast-hfb-below-header-display":"","ast-hfb-mobile-header-display":"","site-post-title":"disabled","ast-breadcrumbs-content":"","ast-featured-img":"disabled","footer-sml-layout":"","ast-disable-related-posts":"","theme-transparent-header-meta":"enabled","adv-header-id-meta":"","stick-header-meta":"","header-above-stick-meta":"","header-main-stick-meta":"","header-below-stick-meta":"","astra-migrate-meta-layouts":"set","ast-page-background-enabled":"default","ast-page-background-meta":{"desktop":{"background-color":"var(--ast-global-color-4)","background-image":"","background-repeat":"repeat","background-position":"center center","background-size":"auto","background-attachment":"scroll","background-type":"","background-media":"","overlay-type":"","overlay-color":"","overlay-opacity":"","overlay-gradient":""},"tablet":{"background-color":"","background-image":"","background-repeat":"repeat","background-position":"center center","background-size":"auto","background-attachment":"scroll","background-type":"","background-media":"","overlay-type":"","overlay-color":"","overlay-opacity":"","overlay-gradient":""},"mobile":{"background-color":"","background-image":"","background-repeat":"repeat","background-position":"center center","background-size":"auto","background-attachment":"scroll","background-type":"","background-media":"","overlay-type":"","overlay-color":"","overlay-opacity":"","overlay-gradient":""}},"ast-content-background-meta":{"desktop":{"background-color":"var(--ast-global-color-5)","background-image":"","background-repeat":"repeat","background-position":"center center","background-size":"auto","background-attachment":"scroll","background-type":"","background-media":"","overlay-type":"","overlay-color":"","overlay-opacity":"","overlay-gradient":""},"tablet":{"background-color":"var(--ast-global-color-5)","background-image":"","background-repeat":"repeat","background-position":"center center","background-size":"auto","background-attachment":"scroll","background-type":"","background-media":"","overlay-type":"","overlay-color":"","overlay-opacity":"","overlay-gradient":""},"mobile":{"background-color":"var(--ast-global-color-5)","background-image":"","background-repeat":"repeat","background-position":"center center","background-size":"auto","background-attachment":"scroll","background-type":"","background-media":"","overlay-type":"","overlay-color":"","overlay-opacity":"","overlay-gradient":""}},"footnotes":""},"class_list":["post-2613","page","type-page","status-publish","hentry"],"yoast_head":"<!-- This site is optimized with the Yoast SEO Premium plugin v23.7 (Yoast SEO v25.2) - https:\/\/yoast.com\/wordpress\/plugins\/seo\/ -->\n<title>Contacto - Alliance<\/title>\n<meta name=\"robots\" content=\"index, follow, max-snippet:-1, max-image-preview:large, max-video-preview:-1\" \/>\n<link rel=\"canonical\" href=\"https:\/\/allianceargentina.com.ar\/en\/contacto\/\" \/>\n<meta property=\"og:locale\" content=\"en_US\" \/>\n<meta property=\"og:type\" content=\"article\" \/>\n<meta property=\"og:title\" content=\"Contacto\" \/>\n<meta property=\"og:description\" content=\"CONTACTO Cont\u00e1ctenos para obtener m\u00e1s informaci\u00f3n sobre nuestros servicios de interpretaci\u00f3n, recibir asesoramiento personalizado o solicitar un presupuesto sin cargo. EMAIL info@allianceargentina.com.ar TEL\u00c9FONO +54 911 6555-1212 LOCALIDAD Buenos Aires, Argentina Whatsapp\" \/>\n<meta property=\"og:url\" content=\"https:\/\/allianceargentina.com.ar\/en\/contacto\/\" \/>\n<meta property=\"og:site_name\" content=\"Alliance\" \/>\n<meta property=\"article:modified_time\" content=\"2025-04-17T17:26:19+00:00\" \/>\n<meta property=\"og:image\" content=\"https:\/\/allianceargentina.com.ar\/wp-content\/uploads\/2025\/01\/alliance_isologo_masclaro-e1737586532918.png\" \/>\n\t<meta property=\"og:image:width\" content=\"926\" \/>\n\t<meta property=\"og:image:height\" content=\"598\" \/>\n\t<meta property=\"og:image:type\" content=\"image\/png\" \/>\n<meta name=\"twitter:card\" content=\"summary_large_image\" \/>\n<meta name=\"twitter:label1\" content=\"Est. reading time\" \/>\n\t<meta name=\"twitter:data1\" content=\"1 minute\" \/>\n<script type=\"application\/ld+json\" class=\"yoast-schema-graph\">{\"@context\":\"https:\/\/schema.org\",\"@graph\":[{\"@type\":\"WebPage\",\"@id\":\"https:\/\/allianceargentina.com.ar\/contacto\/\",\"url\":\"https:\/\/allianceargentina.com.ar\/contacto\/\",\"name\":\"Contacto - Alliance\",\"isPartOf\":{\"@id\":\"https:\/\/allianceargentina.com.ar\/#website\"},\"primaryImageOfPage\":{\"@id\":\"https:\/\/allianceargentina.com.ar\/contacto\/#primaryimage\"},\"image\":{\"@id\":\"https:\/\/allianceargentina.com.ar\/contacto\/#primaryimage\"},\"thumbnailUrl\":\"https:\/\/allianceargentina.com.ar\/wp-content\/uploads\/2025\/01\/alliance_isologo_masclaro-e1737586532918-100x65.png\",\"datePublished\":\"2024-11-20T19:18:36+00:00\",\"dateModified\":\"2025-04-17T17:26:19+00:00\",\"breadcrumb\":{\"@id\":\"https:\/\/allianceargentina.com.ar\/contacto\/#breadcrumb\"},\"inLanguage\":\"en-US\",\"potentialAction\":[{\"@type\":\"ReadAction\",\"target\":[\"https:\/\/allianceargentina.com.ar\/contacto\/\"]}]},{\"@type\":\"ImageObject\",\"inLanguage\":\"en-US\",\"@id\":\"https:\/\/allianceargentina.com.ar\/contacto\/#primaryimage\",\"url\":\"https:\/\/allianceargentina.com.ar\/wp-content\/uploads\/2025\/01\/alliance_isologo_masclaro-e1737586532918-100x65.png\",\"contentUrl\":\"https:\/\/allianceargentina.com.ar\/wp-content\/uploads\/2025\/01\/alliance_isologo_masclaro-e1737586532918-100x65.png\"},{\"@type\":\"BreadcrumbList\",\"@id\":\"https:\/\/allianceargentina.com.ar\/contacto\/#breadcrumb\",\"itemListElement\":[{\"@type\":\"ListItem\",\"position\":1,\"name\":\"Inicio\",\"item\":\"https:\/\/allianceargentina.com.ar\/\"},{\"@type\":\"ListItem\",\"position\":2,\"name\":\"Contacto\"}]},{\"@type\":\"WebSite\",\"@id\":\"https:\/\/allianceargentina.com.ar\/#website\",\"url\":\"https:\/\/allianceargentina.com.ar\/\",\"name\":\"Alliance\",\"description\":\"Interpretaci\u00f3n Simult\u00e1nea\",\"publisher\":{\"@id\":\"https:\/\/allianceargentina.com.ar\/#organization\"},\"potentialAction\":[{\"@type\":\"SearchAction\",\"target\":{\"@type\":\"EntryPoint\",\"urlTemplate\":\"https:\/\/allianceargentina.com.ar\/?s={search_term_string}\"},\"query-input\":{\"@type\":\"PropertyValueSpecification\",\"valueRequired\":true,\"valueName\":\"search_term_string\"}}],\"inLanguage\":\"en-US\"},{\"@type\":\"Organization\",\"@id\":\"https:\/\/allianceargentina.com.ar\/#organization\",\"name\":\"Alliance\",\"url\":\"https:\/\/allianceargentina.com.ar\/\",\"logo\":{\"@type\":\"ImageObject\",\"inLanguage\":\"en-US\",\"@id\":\"https:\/\/allianceargentina.com.ar\/#\/schema\/logo\/image\/\",\"url\":\"https:\/\/allianceargentina.com.ar\/wp-content\/uploads\/2025\/01\/cropped-alliance_isologo_masclaro.png\",\"contentUrl\":\"https:\/\/allianceargentina.com.ar\/wp-content\/uploads\/2025\/01\/cropped-alliance_isologo_masclaro.png\",\"width\":974,\"height\":667,\"caption\":\"Alliance\"},\"image\":{\"@id\":\"https:\/\/allianceargentina.com.ar\/#\/schema\/logo\/image\/\"},\"description\":\"Alliance fue creada con el fin de acercarlo a usted al mundo. Queremos ayudarlo a comunicarse, extender nuevos lazos y ampliar sus fronteras. Para lograr nuestros objetivos con la m\u00e1s alta calidad, ofrecemos una atenci\u00f3n personalizada y contamos con excelentes profesionales especializados y tecnolog\u00eda de avanzada.\",\"email\":\"info@allianceargentina.com.ar\",\"telephone\":\"+54 911 6555-1212\",\"legalName\":\"Alliance\"}]}<\/script>\n<!-- \/ Yoast SEO Premium plugin. -->","yoast_head_json":{"title":"Contacto - Alliance","robots":{"index":"index","follow":"follow","max-snippet":"max-snippet:-1","max-image-preview":"max-image-preview:large","max-video-preview":"max-video-preview:-1"},"canonical":"https:\/\/allianceargentina.com.ar\/en\/contacto\/","og_locale":"en_US","og_type":"article","og_title":"Contacto","og_description":"CONTACTO Cont\u00e1ctenos para obtener m\u00e1s informaci\u00f3n sobre nuestros servicios de interpretaci\u00f3n, recibir asesoramiento personalizado o solicitar un presupuesto sin cargo. EMAIL info@allianceargentina.com.ar TEL\u00c9FONO +54 911 6555-1212 LOCALIDAD Buenos Aires, Argentina Whatsapp","og_url":"https:\/\/allianceargentina.com.ar\/en\/contacto\/","og_site_name":"Alliance","article_modified_time":"2025-04-17T17:26:19+00:00","og_image":[{"width":926,"height":598,"url":"https:\/\/allianceargentina.com.ar\/wp-content\/uploads\/2025\/01\/alliance_isologo_masclaro-e1737586532918.png","type":"image\/png"}],"twitter_card":"summary_large_image","twitter_misc":{"Est. reading time":"1 minute"},"schema":{"@context":"https:\/\/schema.org","@graph":[{"@type":"WebPage","@id":"https:\/\/allianceargentina.com.ar\/contacto\/","url":"https:\/\/allianceargentina.com.ar\/contacto\/","name":"Contacto - Alliance","isPartOf":{"@id":"https:\/\/allianceargentina.com.ar\/#website"},"primaryImageOfPage":{"@id":"https:\/\/allianceargentina.com.ar\/contacto\/#primaryimage"},"image":{"@id":"https:\/\/allianceargentina.com.ar\/contacto\/#primaryimage"},"thumbnailUrl":"https:\/\/allianceargentina.com.ar\/wp-content\/uploads\/2025\/01\/alliance_isologo_masclaro-e1737586532918-100x65.png","datePublished":"2024-11-20T19:18:36+00:00","dateModified":"2025-04-17T17:26:19+00:00","breadcrumb":{"@id":"https:\/\/allianceargentina.com.ar\/contacto\/#breadcrumb"},"inLanguage":"en-US","potentialAction":[{"@type":"ReadAction","target":["https:\/\/allianceargentina.com.ar\/contacto\/"]}]},{"@type":"ImageObject","inLanguage":"en-US","@id":"https:\/\/allianceargentina.com.ar\/contacto\/#primaryimage","url":"https:\/\/allianceargentina.com.ar\/wp-content\/uploads\/2025\/01\/alliance_isologo_masclaro-e1737586532918-100x65.png","contentUrl":"https:\/\/allianceargentina.com.ar\/wp-content\/uploads\/2025\/01\/alliance_isologo_masclaro-e1737586532918-100x65.png"},{"@type":"BreadcrumbList","@id":"https:\/\/allianceargentina.com.ar\/contacto\/#breadcrumb","itemListElement":[{"@type":"ListItem","position":1,"name":"Inicio","item":"https:\/\/allianceargentina.com.ar\/"},{"@type":"ListItem","position":2,"name":"Contacto"}]},{"@type":"WebSite","@id":"https:\/\/allianceargentina.com.ar\/#website","url":"https:\/\/allianceargentina.com.ar\/","name":"Alliance","description":"Interpretaci\u00f3n Simult\u00e1nea","publisher":{"@id":"https:\/\/allianceargentina.com.ar\/#organization"},"potentialAction":[{"@type":"SearchAction","target":{"@type":"EntryPoint","urlTemplate":"https:\/\/allianceargentina.com.ar\/?s={search_term_string}"},"query-input":{"@type":"PropertyValueSpecification","valueRequired":true,"valueName":"search_term_string"}}],"inLanguage":"en-US"},{"@type":"Organization","@id":"https:\/\/allianceargentina.com.ar\/#organization","name":"Alliance","url":"https:\/\/allianceargentina.com.ar\/","logo":{"@type":"ImageObject","inLanguage":"en-US","@id":"https:\/\/allianceargentina.com.ar\/#\/schema\/logo\/image\/","url":"https:\/\/allianceargentina.com.ar\/wp-content\/uploads\/2025\/01\/cropped-alliance_isologo_masclaro.png","contentUrl":"https:\/\/allianceargentina.com.ar\/wp-content\/uploads\/2025\/01\/cropped-alliance_isologo_masclaro.png","width":974,"height":667,"caption":"Alliance"},"image":{"@id":"https:\/\/allianceargentina.com.ar\/#\/schema\/logo\/image\/"},"description":"Alliance fue creada con el fin de acercarlo a usted al mundo. Queremos ayudarlo a comunicarse, extender nuevos lazos y ampliar sus fronteras. Para lograr nuestros objetivos con la m\u00e1s alta calidad, ofrecemos una atenci\u00f3n personalizada y contamos con excelentes profesionales especializados y tecnolog\u00eda de avanzada.","email":"info@allianceargentina.com.ar","telephone":"+54 911 6555-1212","legalName":"Alliance"}]}},"uagb_featured_image_src":{"full":false,"thumbnail":false,"medium":false,"medium_large":false,"large":false,"1536x1536":false,"2048x2048":false,"trp-custom-language-flag":false,"tp-image-grid":false},"uagb_author_info":{"display_name":"georgina_piccione@yahoo.com.ar","author_link":"https:\/\/allianceargentina.com.ar\/en\/author\/georgina_piccioneyahoo-com-ar\/"},"uagb_comment_info":0,"uagb_excerpt":"CONTACTO Cont\u00e1ctenos para obtener m\u00e1s informaci\u00f3n sobre nuestros servicios de interpretaci\u00f3n, recibir asesoramiento personalizado o solicitar un presupuesto sin cargo. EMAIL info@allianceargentina.com.ar TEL\u00c9FONO +54 911 6555-1212 LOCALIDAD Buenos Aires, Argentina Whatsapp","_links":{"self":[{"href":"https:\/\/allianceargentina.com.ar\/en\/wp-json\/wp\/v2\/pages\/2613","targetHints":{"allow":["GET"]}}],"collection":[{"href":"https:\/\/allianceargentina.com.ar\/en\/wp-json\/wp\/v2\/pages"}],"about":[{"href":"https:\/\/allianceargentina.com.ar\/en\/wp-json\/wp\/v2\/types\/page"}],"author":[{"embeddable":true,"href":"https:\/\/allianceargentina.com.ar\/en\/wp-json\/wp\/v2\/users\/1"}],"replies":[{"embeddable":true,"href":"https:\/\/allianceargentina.com.ar\/en\/wp-json\/wp\/v2\/comments?post=2613"}],"version-history":[{"count":78,"href":"https:\/\/allianceargentina.com.ar\/en\/wp-json\/wp\/v2\/pages\/2613\/revisions"}],"predecessor-version":[{"id":4746,"href":"https:\/\/allianceargentina.com.ar\/en\/wp-json\/wp\/v2\/pages\/2613\/revisions\/4746"}],"wp:attachment":[{"href":"https:\/\/allianceargentina.com.ar\/en\/wp-json\/wp\/v2\/media?parent=2613"}],"curies":[{"name":"wp","href":"https:\/\/api.w.org\/{rel}","templated":true}]}}